{"id":423,"date":"2020-04-17T00:31:43","date_gmt":"2020-04-17T00:31:43","guid":{"rendered":"http:\/\/precimaq.com.br\/?page_id=423"},"modified":"2020-04-17T17:39:30","modified_gmt":"2020-04-17T17:39:30","slug":"resolucao-777-reposicao","status":"publish","type":"page","link":"https:\/\/www.tecalon.com.br\/?page_id=423","title":{"rendered":"Resolu\u00e7\u00e3o 777 (Reposi\u00e7\u00e3o 3\/8&#8243;)"},"content":{"rendered":"\n<p><\/p>\n\n\n\n<table id=\"tablepress-22\" class=\"tablepress tablepress-id-22\">\n<thead>\n<tr class=\"row-1\">\n\t<th class=\"column-1\">N\/Numero SWL<\/th><th class=\"column-2\">N\/Numero<\/th><th class=\"column-3\">Aplica\u00e7\u00e3o<\/th><th class=\"column-4\">Tamanho MM<\/th><th class=\"column-5\">Aplica\u00e7\u00e3o<\/th>\n<\/tr>\n<\/thead>\n<tbody class=\"row-striping row-hover\">\n<tr class=\"row-2\">\n\t<td class=\"column-1\">06ARN060<br \/>\n<\/td><td class=\"column-2\">1RN706<\/td><td class=\"column-3\">Flex\u00edvel p\/Freio a Ar<\/td><td class=\"column-4\">600<\/td><td class=\"column-5\">CARRETAS TODAS GIRAT\u00d3RIO X FIXO M16x1,5 (COMPLETO) <\/td>\n<\/tr>\n<tr class=\"row-3\">\n\t<td class=\"column-1\">06ARN070<br \/>\n<\/td><td class=\"column-2\">1RN707<\/td><td class=\"column-3\">Flex\u00edvel p\/Freio a Ar<\/td><td class=\"column-4\">700<\/td><td class=\"column-5\">CARRETAS TODAS GIRAT\u00d3RIO X FIXO M16x1,5 (COMPLETO) <\/td>\n<\/tr>\n<tr class=\"row-4\">\n\t<td class=\"column-1\">06ARN080<br \/>\n<\/td><td class=\"column-2\">1RN708<\/td><td class=\"column-3\">Flex\u00edvel p\/Freio a Ar<\/td><td class=\"column-4\">800<\/td><td class=\"column-5\">CARRETAS TODAS GIRAT\u00d3RIO X FIXO M16x1,5 (COMPLETO) <\/td>\n<\/tr>\n<tr class=\"row-5\">\n\t<td class=\"column-1\">06ARN080E<br \/>\n<\/td><td class=\"column-2\">1RN708E<\/td><td class=\"column-3\">Flex\u00edvel p\/Freio a Ar<\/td><td class=\"column-4\">800<\/td><td class=\"column-5\">CARRETAS EXPORTA\u00c7\u00c3O GIRAT\u00d3RIO 3\/8\" NPT <\/td>\n<\/tr>\n<tr class=\"row-6\">\n\t<td class=\"column-1\">06ARN090<br \/>\n<\/td><td class=\"column-2\">1RN709<\/td><td class=\"column-3\">Flex\u00edvel p\/Freio a Ar<\/td><td class=\"column-4\">900<\/td><td class=\"column-5\">CARRETAS TODAS GIRAT\u00d3RIO X FIXO M16x1,5 (COMPLETO) <\/td>\n<\/tr>\n<tr class=\"row-7\">\n\t<td class=\"column-1\">06ARN092<\/td><td class=\"column-2\">1RN7092<\/td><td class=\"column-3\">Flex\u00edvel p\/Freio a Ar<\/td><td class=\"column-4\">920<\/td><td class=\"column-5\">CARRETAS TODAS GIRAT\u00d3RIO X FIXO M16x1,5 (COMPLETO) <\/td>\n<\/tr>\n<tr class=\"row-8\">\n\t<td class=\"column-1\">06ARN092E<\/td><td class=\"column-2\">1RN709E<\/td><td class=\"column-3\">Flex\u00edvel p\/Freio a Ar<\/td><td class=\"column-4\">920<\/td><td class=\"column-5\">CARRETAS EXPORTA\u00c7\u00c3O GIRAT\u00d3RIO 3\/8\" NPT <\/td>\n<\/tr>\n<tr class=\"row-9\">\n\t<td class=\"column-1\">06ARN100<\/td><td class=\"column-2\">1RN710<\/td><td class=\"column-3\">Flex\u00edvel p\/Freio a Ar<\/td><td class=\"column-4\">1000<\/td><td class=\"column-5\">CARRETAS TODAS GIRAT\u00d3RIO X FIXO M16x1,5 (COMPLETO) <\/td>\n<\/tr>\n<tr class=\"row-10\">\n\t<td class=\"column-1\">06ARN110<\/td><td class=\"column-2\">1RN711<\/td><td class=\"column-3\">Flex\u00edvel p\/Freio a Ar<\/td><td class=\"column-4\">1100<\/td><td class=\"column-5\">CARRETAS TODAS GIRAT\u00d3RIO X FIXO M16x1,5 (COMPLETO) <\/td>\n<\/tr>\n<tr class=\"row-11\">\n\t<td class=\"column-1\">06ARN110E<\/td><td class=\"column-2\">1RN711E<\/td><td class=\"column-3\">Flex\u00edvel p\/Freio a Ar<\/td><td class=\"column-4\">1100<\/td><td class=\"column-5\">CARRETAS EXPORTA\u00c7\u00c3O GIRAT\u00d3RIO 3\/8\" NPT <\/td>\n<\/tr>\n<tr class=\"row-12\">\n\t<td class=\"column-1\">06ARN120<\/td><td class=\"column-2\">1RN712<\/td><td class=\"column-3\">Flex\u00edvel p\/Freio a Ar<\/td><td class=\"column-4\">1200<\/td><td class=\"column-5\">CARRETAS TODAS GIRAT\u00d3RIO X FIXO M16x1,5 (COMPLETO) <\/td>\n<\/tr>\n<tr class=\"row-13\">\n\t<td class=\"column-1\">06ARN125<\/td><td class=\"column-2\">1RN713<\/td><td class=\"column-3\">Flex\u00edvel p\/Freio a Ar<\/td><td class=\"column-4\">1250<\/td><td class=\"column-5\">CARRETAS TODAS GIRAT\u00d3RIO X FIXO M16x1,5 (COMPLETO) <\/td>\n<\/tr>\n<tr class=\"row-14\">\n\t<td class=\"column-1\"><\/td><td class=\"column-2\"><\/td><td class=\"column-3\"><\/td><td class=\"column-4\"><\/td><td class=\"column-5\"><\/td>\n<\/tr>\n<tr class=\"row-15\">\n\t<td class=\"column-1\"><\/td><td class=\"column-2\">Rosca Macho-><br \/>\nM16 x 1,5 c\/ Anel e <br \/>\nO\u00b4ring<\/td><td class=\"column-3\"><img loading=\"lazy\" decoding=\"async\" src=\"http:\/\/precimaq.com.br\/wp-content\/uploads\/2020\/04\/Cat\u00e1logo-SWL-Portugues_page-0003-300x73.jpg\" alt=\"\" width=\"300\" height=\"73\" class=\"alignnone size-medium wp-image-340\" srcset=\"https:\/\/www.tecalon.com.br\/wp-content\/uploads\/2020\/04\/Cat\u00e1logo-SWL-Portugues_page-0003-300x73.jpg 300w, https:\/\/www.tecalon.com.br\/wp-content\/uploads\/2020\/04\/Cat\u00e1logo-SWL-Portugues_page-0003.jpg 642w\" sizes=\"auto, (max-width: 300px) 100vw, 300px\" \/><\/td><td class=\"column-4\"><\/td><td class=\"column-5\"><-Rosca F\u00eamea <br \/>\nM18 x 1,5<\/td>\n<\/tr>\n<tr class=\"row-16\">\n\t<td class=\"column-1\"><\/td><td class=\"column-2\"><\/td><td class=\"column-3\"><\/td><td class=\"column-4\"><\/td><td class=\"column-5\"><\/td>\n<\/tr>\n<tr class=\"row-17\">\n\t<td class=\"column-1\">1RN716<\/td><td class=\"column-2\">1RN716<\/td><td class=\"column-3\">Flex\u00edvel p\/Freio a Ar<\/td><td class=\"column-4\">1600<\/td><td class=\"column-5\">TRANSBORDO MACHO FIXO 1\/4\" X GIRAT\u00d3RIO M16x1,5        <\/td>\n<\/tr>\n<tr class=\"row-18\">\n\t<td class=\"column-1\">1RN736<\/td><td class=\"column-2\">1RN736<\/td><td class=\"column-3\">Flex\u00edvel p\/Freio a Ar<\/td><td class=\"column-4\">600<\/td><td class=\"column-5\">FLEX\u00cdVEL ESPECIAL P\/TRUCK E CARRETAS MACHO M16 x 1,5 X F\u00eamea M18 x 1,5<\/td>\n<\/tr>\n<tr class=\"row-19\">\n\t<td class=\"column-1\">1RN737<\/td><td class=\"column-2\">1RN737<\/td><td class=\"column-3\">Flex\u00edvel p\/Freio a Ar<\/td><td class=\"column-4\">700<\/td><td class=\"column-5\">FLEX\u00cdVEL ESPECIAL P\/TRUCK E CARRETAS MACHO M16 x 1,5 X F\u00eamea M18 x 1,5<\/td>\n<\/tr>\n<tr class=\"row-20\">\n\t<td class=\"column-1\">1RN739<\/td><td class=\"column-2\">1RN739<\/td><td class=\"column-3\">Flex\u00edvel p\/Freio a Ar<\/td><td class=\"column-4\">800<\/td><td class=\"column-5\">FLEX\u00cdVEL ESPECIAL P\/TRUCK E CARRETAS MACHO M16 x 1,5 X F\u00eamea M18 x 1,5<\/td>\n<\/tr>\n<tr class=\"row-21\">\n\t<td class=\"column-1\">1RN740<\/td><td class=\"column-2\">1RN740<\/td><td class=\"column-3\">Flex\u00edvel p\/Freio a Ar<\/td><td class=\"column-4\">900<\/td><td class=\"column-5\">FLEX\u00cdVEL ESPECIAL P\/TRUCK E CARRETAS MACHO M16 x 1,5 X F\u00eamea M18 x 1,5<\/td>\n<\/tr>\n<tr class=\"row-22\">\n\t<td class=\"column-1\">1RN741<\/td><td class=\"column-2\">1RN741<\/td><td class=\"column-3\">Flex\u00edvel p\/Freio a Ar<\/td><td class=\"column-4\">950<\/td><td class=\"column-5\">FLEX\u00cdVEL ESPECIAL P\/TRUCK E CARRETAS MACHO M16 x 1,5 X F\u00eamea M18 x 1,5<\/td>\n<\/tr>\n<tr class=\"row-23\">\n\t<td class=\"column-1\">1RN742<\/td><td class=\"column-2\">1RN742<\/td><td class=\"column-3\">Flex\u00edvel p\/Freio a Ar<\/td><td class=\"column-4\">1000<\/td><td class=\"column-5\">FLEX\u00cdVEL ESPECIAL P\/TRUCK E CARRETAS MACHO M16 x 1,5 X F\u00eamea M18 x 1,5<\/td>\n<\/tr>\n<tr class=\"row-24\">\n\t<td class=\"column-1\">1RN744<\/td><td class=\"column-2\">1RN744<\/td><td class=\"column-3\">Flex\u00edvel p\/Freio a Ar<\/td><td class=\"column-4\">1100<\/td><td class=\"column-5\">FLEX\u00cdVEL ESPECIAL P\/TRUCK E CARRETAS MACHO M16 x 1,5 X F\u00eamea M18 x 1,5<\/td>\n<\/tr>\n<tr class=\"row-25\">\n\t<td class=\"column-1\">1RN746<\/td><td class=\"column-2\">1RN746<\/td><td class=\"column-3\">Flex\u00edvel p\/Freio a Ar<\/td><td class=\"column-4\">1200<\/td><td class=\"column-5\">FLEX\u00cdVEL ESPECIAL P\/TRUCK E CARRETAS MACHO M16 x 1,5 X F\u00eamea M18 x 1,5<\/td>\n<\/tr>\n<tr class=\"row-26\">\n\t<td class=\"column-1\"><\/td><td class=\"column-2\"><\/td><td class=\"column-3\"><\/td><td class=\"column-4\"><\/td><td class=\"column-5\"><\/td>\n<\/tr>\n<tr class=\"row-27\">\n\t<td class=\"column-1\"><\/td><td class=\"column-2\">Rosca Macho-><br \/>\nM16 x 1,5 c\/ Anel e<br \/>\n O\u00b4ring<\/td><td class=\"column-3\"><img loading=\"lazy\" decoding=\"async\" src=\"http:\/\/precimaq.com.br\/wp-content\/uploads\/2020\/04\/Cat\u00e1logo-SWL-Portugues_page-0003-300x73.jpg\" alt=\"\" width=\"300\" height=\"73\" class=\"alignnone size-medium wp-image-340\" srcset=\"https:\/\/www.tecalon.com.br\/wp-content\/uploads\/2020\/04\/Cat\u00e1logo-SWL-Portugues_page-0003-300x73.jpg 300w, https:\/\/www.tecalon.com.br\/wp-content\/uploads\/2020\/04\/Cat\u00e1logo-SWL-Portugues_page-0003.jpg 642w\" sizes=\"auto, (max-width: 300px) 100vw, 300px\" \/><\/td><td class=\"column-4\"><-Rosca F\u00eamea<br \/>\nM18 x 1,5<\/td><td class=\"column-5\"><img loading=\"lazy\" decoding=\"async\" src=\"http:\/\/precimaq.com.br\/wp-content\/uploads\/2020\/04\/adaptador.jpg\" alt=\"\" width=\"64\" height=\"64\" class=\"alignnone size-full wp-image-440\" \/><br \/>\nUni\u00e3o M16 x 1,5 <br \/>\ncom Anel e <br \/>\nO\u00b4ring<br \/>\n<\/td>\n<\/tr>\n<tr class=\"row-28\">\n\t<td class=\"column-1\"><\/td><td class=\"column-2\"><\/td><td class=\"column-3\"><\/td><td class=\"column-4\"><\/td><td class=\"column-5\"><\/td>\n<\/tr>\n<tr class=\"row-29\">\n\t<td class=\"column-1\">1RN738<\/td><td class=\"column-2\">1RN738<\/td><td class=\"column-3\">Flex\u00edvel p\/Freio a Ar<\/td><td class=\"column-4\">800<\/td><td class=\"column-5\">FLEX\u00cdVEL ESPECIAL P\/TRUCK E CARRETAS MACHO M16 x 1,5 X F\u00eamea M18 x 1,5 + Uni\u00e3o M16 x 1,5 c\/ Anel e<br \/>\nO\u00b4ring<br \/>\n<\/td>\n<\/tr>\n<tr class=\"row-30\">\n\t<td class=\"column-1\">1RN745<\/td><td class=\"column-2\">1RN745<\/td><td class=\"column-3\">Flex\u00edvel p\/Freio a Ar<\/td><td class=\"column-4\">1100<\/td><td class=\"column-5\">FLEX\u00cdVEL ESPECIAL P\/TRUCK E CARRETAS MACHO M16 x 1,5 X F\u00eamea M18 x 1,5 + Uni\u00e3o M16 x 1,5 c\/ Anel e<br \/>\nO\u00b4ring<br \/>\n<\/td>\n<\/tr>\n<tr class=\"row-31\">\n\t<td class=\"column-1\">1RN747<\/td><td class=\"column-2\">1RN747<\/td><td class=\"column-3\">Flex\u00edvel p\/Freio a Ar<\/td><td class=\"column-4\">1600<\/td><td class=\"column-5\">FLEX\u00cdVEL ESPECIAL P\/TRUCK E CARRETAS MACHO M16 x 1,5 X F\u00eamea M18 x 1,5 + Uni\u00e3o M16 x 1,5 c\/ Anel e<br \/>\nO\u00b4ring<br \/>\n<\/td>\n<\/tr>\n<\/tbody>\n<\/table>\n<!-- #tablepress-22 from cache -->\n\n\n\n<p><\/p>\n","protected":false},"excerpt":{"rendered":"","protected":false},"author":1,"featured_media":0,"parent":21,"menu_order":5,"comment_status":"closed","ping_status":"closed","template":"","meta":{"footnotes":""},"class_list":["post-423","page","type-page","status-publish","hentry"],"_links":{"self":[{"href":"https:\/\/www.tecalon.com.br\/index.php?rest_route=\/wp\/v2\/pages\/423","targetHints":{"allow":["GET"]}}],"collection":[{"href":"https:\/\/www.tecalon.com.br\/index.php?rest_route=\/wp\/v2\/pages"}],"about":[{"href":"https:\/\/www.tecalon.com.br\/index.php?rest_route=\/wp\/v2\/types\/page"}],"author":[{"embeddable":true,"href":"https:\/\/www.tecalon.com.br\/index.php?rest_route=\/wp\/v2\/users\/1"}],"replies":[{"embeddable":true,"href":"https:\/\/www.tecalon.com.br\/index.php?rest_route=%2Fwp%2Fv2%2Fcomments&post=423"}],"version-history":[{"count":4,"href":"https:\/\/www.tecalon.com.br\/index.php?rest_route=\/wp\/v2\/pages\/423\/revisions"}],"predecessor-version":[{"id":446,"href":"https:\/\/www.tecalon.com.br\/index.php?rest_route=\/wp\/v2\/pages\/423\/revisions\/446"}],"up":[{"embeddable":true,"href":"https:\/\/www.tecalon.com.br\/index.php?rest_route=\/wp\/v2\/pages\/21"}],"wp:attachment":[{"href":"https:\/\/www.tecalon.com.br\/index.php?rest_route=%2Fwp%2Fv2%2Fmedia&parent=423"}],"curies":[{"name":"wp","href":"https:\/\/api.w.org\/{rel}","templated":true}]}}